{"id":3,"date":"2025-09-08T09:47:45","date_gmt":"2025-09-08T09:47:45","guid":{"rendered":"https:\/\/miradetail.cz\/?page_id=3"},"modified":"2025-11-06T10:35:13","modified_gmt":"2025-11-06T10:35:13","slug":"gdpr","status":"publish","type":"page","link":"https:\/\/miradetail.cz\/index.php\/gdpr\/","title":{"rendered":"GDPR"},"content":{"rendered":"\t\t<div data-elementor-type=\"wp-page\" data-elementor-id=\"3\" class=\"elementor elementor-3\">\n\t\t\t\t<div class=\"elementor-element elementor-element-51255ee1 e-flex e-con-boxed e-con e-parent\" data-id=\"51255ee1\" data-element_type=\"container\">\n\t\t\t\t\t<div class=\"e-con-inner\">\n\t\t\t\t<div class=\"elementor-element elementor-element-1391e155 elementor-widget elementor-widget-text-editor\" data-id=\"1391e155\" data-element_type=\"widget\" data-widget_type=\"text-editor.default\">\n\t\t\t\t\t\t\t\t\t\n<h1>GDPR<\/h1>\n\n<h3 class=\"wp-block-heading\">Pro jak\u00e9 \u00fa\u010dely Va\u0161e \u00fadaje zpracov\u00e1v\u00e1me?<\/h3>\n\n<p>Na\u0161e spole\u010dnost nezpracov\u00e1v\u00e1 osobn\u00ed \u00fadaje u\u017eivatel\u016f jinak, ne\u017e k z\u00e1konem p\u0159ipu\u0161t\u011bn\u00fdm \u00fa\u010del\u016fm, pop\u0159. k \u00fa\u010del\u016fm, s nimi\u017e u\u017eivatel vyslovil souhlas, zejm\u00e9na k n\u00ed\u017ee uveden\u00fdm \u00fa\u010del\u016fm:\u200b<\/p>\n\n<ul class=\"wp-block-list\">\n<li>M\u011b\u0159en\u00ed n\u00e1v\u0161t\u011bvnosti na\u0161ich str\u00e1nek<\/li>\n\n<li>Zlep\u0161ov\u00e1n\u00ed obsahu na\u0161ich str\u00e1nek a jejich v\u00fdvoji<\/li>\n\n<li>Zaji\u0161t\u011bn\u00ed bezpe\u010dnosti na\u0161ich syst\u00e9m\u016f a s\u00edt\u011b p\u0159ed \u00fatoky zven\u010d\u00ed \u010di zneu\u017eit\u00edm ze strany u\u017eivatel\u016f, a to v obvykl\u00e9m na trhu prov\u00e1d\u011bn\u00e9m standardu<\/li>\n\n<li>Pro \u00fa\u010dely veden\u00ed \u00fa\u010detn\u00ed evidence a pln\u011bn\u00ed dal\u0161\u00edch z\u00e1konn\u00fdch povinnost\u00ed (nap\u0159. dokl\u00e1d\u00e1n\u00ed souhlasu se zpracov\u00e1n\u00edm osobn\u00edch \u00fadaj\u016f apod.).\u200b<\/li>\n<\/ul>\n\n<p>Va\u0161e \u00fadaje obvykle zpracov\u00e1v\u00e1me ve sv\u00fdch vlastn\u00edch po\u010d\u00edta\u010dov\u00fdch syst\u00e9mech, pop\u0159. m\u016f\u017eeme vyu\u017e\u00edvat syst\u00e9m\u016f t\u0159et\u00edch osob (tzv. zpracovatel\u016f).<\/p>\n\n<h3 class=\"wp-block-heading\">Pr\u00e1vn\u00ed z\u00e1klad zpracov\u00e1n\u00ed<\/h3>\n\n<p>Pr\u00e1vn\u00edm z\u00e1kladem zpracov\u00e1n\u00ed Va\u0161ich osobn\u00edch \u00fadaj\u016f je nezbytnost pln\u011bn\u00ed smlouvy (v\u010detn\u011b vym\u00e1h\u00e1n\u00ed vznikl\u00fdch pohled\u00e1vek), opr\u00e1vn\u011bn\u00e9 z\u00e1jmy (dan\u00e9 z\u00e1jmem na ochran\u011b na\u0161ich pr\u00e1v, zpracov\u00e1n\u00ed ke statistick\u00fdm \u00fa\u010del\u016fm, m\u011b\u0159en\u00ed n\u00e1v\u0161t\u011bvnosti na\u0161ich str\u00e1nek a z\u00e1jmem t\u0159et\u00edch osob (zejm\u00e9na na\u0161ich smluvn\u00edch partner\u016f pod\u00edlej\u00edc\u00edch se na pln\u011bn\u00ed pro V\u00e1s a pln\u011bn\u00ed z\u00e1konn\u00fdch po\u017eadavk\u016f (zejm\u00e9na p\u0159edch\u00e1zen\u00ed deliktn\u00ed \u010dinnosti, veden\u00ed \u00fa\u010detnictv\u00ed, pln\u011bn\u00ed povinnost\u00ed podle da\u0148ov\u00fdch p\u0159edpis\u016f).<\/p>\n\n<p>Pokud bychom ke zpracov\u00e1n\u00ed pot\u0159ebovali V\u00e1\u0161 souhlas, budete o takov\u00fd souhlas po\u017e\u00e1d\u00e1ni.<\/p>\n\n<h3 class=\"wp-block-heading\">Jak\u00e9 \u00fadaje zpracov\u00e1v\u00e1me, jak dlouho a jak\u00e9 jsou jejich zdroje?<\/h3>\n\n<p>Pro shora uveden\u00e9 \u00fa\u010dely zpracov\u00e1v\u00e1me zejm\u00e9na \u00fadaje o Va\u0161\u00ed aktivit\u011b na na\u0161ich webov\u00fdch str\u00e1nk\u00e1ch IP adresu, datum a \u010das p\u0159\u00edstupu, z\u00e1kladn\u00ed geografickou lokaci apod.<br \/>V p\u0159\u00edpad\u011b, \u017ee bychom pot\u0159ebovali V\u00e1\u0161 souhlas i \u00fadaje o tom, \u017ee jste n\u00e1m takov\u00fd souhlas poskytli a jak\u00fdm zp\u016fsobem byl poskytnut (ulo\u017een\u00edm informace o zp\u016fsobu a dob\u011b ud\u011blen\u00ed souhlasu, v\u010detn\u011b Va\u0161\u00ed IP adresy, ze kter\u00e9 jste ozna\u010dili p\u0159\u00edslu\u0161n\u00e9 pol\u00ed\u010dko).<\/p>\n\n<p>Ve\u0161ker\u00e9 osobn\u00ed \u00fadaje jsou zpracov\u00e1v\u00e1ny pouze v rozsahu nutn\u00e9m pro napln\u011bn\u00ed v\u00fd\u0161e uveden\u00fdch \u00fa\u010del\u016f a pouze po dobu nutnou pro dosa\u017een\u00ed n\u00e1mi stanoven\u00fdch \u00fa\u010del\u016f, nejd\u00e9le v\u0161ak po dobu stanovenou p\u0159\u00edslu\u0161n\u00fdmi pr\u00e1vn\u00edmi p\u0159edpisy \u010di v souladu s nimi. Osobn\u00ed \u00fadaje zpracov\u00e1van\u00e9 se souhlasem jsou zpracov\u00e1v\u00e1ny do odvol\u00e1n\u00ed souhlasu, pot\u00e9 lze data zpracov\u00e1vat, pokud k tomu existuje jin\u00fd z\u00e1konn\u00fd d\u016fvod (nap\u0159. pro dolo\u017een\u00ed souhlasu, pro mo\u017enost obrany proti pr\u00e1vn\u00edm n\u00e1rok\u016fm atd.).<\/p>\n\n<p>Pro stanoven\u00ed d\u00e9lky doby zpracov\u00e1n\u00ed pou\u017e\u00edv\u00e1me zejm\u00e9na hledisko (i) d\u00e9lky proml\u010dec\u00ed doby, (ii) pravd\u011bpodobnosti vznesen\u00ed pr\u00e1vn\u00edch n\u00e1rok\u016f v\u016f\u010di na\u0161\u00ed spole\u010dnosti, (iii) p\u0159edpokl\u00e1dan\u00e9 lh\u016fty pro detekci \u00fatok\u016f na na\u0161i s\u00ed\u0165 \u010di jin\u00fdch zji\u0161t\u011bn\u00ed naru\u0161en\u00ed bezpe\u010dnosti, (iv) obvykl\u00fdch postup\u016f na trhu a doporu\u010den\u00ed dozorov\u00fdch org\u00e1n\u016f a (v) pravd\u011bpodobnosti a v\u00fdznamu hroz\u00edc\u00edch rizik.<\/p>\n\n<p>Pokud od V\u00e1s budeme pot\u0159ebovat \u00fadaje, kter\u00e9 V\u00e1s budou p\u0159\u00edmo identifikovat nebo kter\u00e9 n\u00e1m umo\u017en\u00ed V\u00e1s kontaktovat, v\u00fdslovn\u011b V\u00e1s o n\u011b po\u017e\u00e1d\u00e1me.<\/p>\n\n<p>Zdrojem osobn\u00edch \u00fadaj\u016f, kter\u00e9 o V\u00e1s zpracov\u00e1v\u00e1me, je zejm\u00e9na Va\u0161e aktivita na na\u0161ich webov\u00fdch str\u00e1nk\u00e1ch.<\/p>\n\n<h3 class=\"wp-block-heading\">Komu m\u016f\u017eeme \u00fadaje o V\u00e1s zp\u0159\u00edstupnit?<\/h3>\n\n<p>TRUE MARKET s.r.o. m\u016f\u017ee zp\u0159\u00edstupnit Va\u0161e osobn\u00ed \u00fadaje t\u0159et\u00edm osob\u00e1m pouze v p\u0159\u00edpadech, kdy j\u00ed to bude\u00a0ukl\u00e1dat nebo umo\u017e\u0148ovat z\u00e1kon anebo s Va\u0161\u00edm souhlasem, zejm\u00e9na:<\/p>\n\n<ul class=\"wp-block-list\">\n<li>dodavatel\u016fm extern\u00edch slu\u017eeb (typicky program\u00e1torsk\u00e9 \u010di jin\u00e9 podp\u016frn\u00e9 technick\u00e9 slu\u017ebyserverov\u00e9 slu\u017eby, slu\u017eby souvisej\u00edc\u00ed s m\u011b\u0159en\u00edm n\u00e1v\u0161t\u011bvnosti na\u0161ich str\u00e1nek a p\u0159izp\u016fsobov\u00e1njejich obsahu preferenc\u00edm u\u017eivatel\u016f),<\/li>\n\n<li>provozovatel\u016fm z\u00e1lo\u017en\u00edch server\u016f \u010di provozovatel\u016fm technologi\u00ed vyu\u017e\u00edvan\u00fdch spole\u010dnost\u00ed TRUE MARKET s.r.o., kte\u0159\u00ed je zpracov\u00e1vaj\u00ed za \u00fa\u010delem zaji\u0161t\u011bn\u00ed funk\u010dnosti str\u00e1nek,<\/li>\n\n<li>na vy\u017e\u00e1d\u00e1n\u00ed \u010di v p\u0159\u00edpad\u011b podez\u0159en\u00ed na protipr\u00e1vn\u00ed jedn\u00e1n\u00ed mohou b\u00fdt osobn\u00ed \u00fadaje p\u0159edan\u00e9 tak\u00e9 org\u00e1n\u016fm ve\u0159ejn\u00e9 spr\u00e1vy.<\/li>\n<\/ul>\n\n<h3 class=\"wp-block-heading\">Jste povinni n\u00e1m \u00fadaje poskytnout?<\/h3>\n\n<p>Va\u0161e osobn\u00ed \u00fadaje poskytujete dobrovoln\u011b. Pokud by existovala z\u00e1konn\u00e1 povinnost n\u00e1m<br \/>v n\u011bkter\u00fdch p\u0159\u00edpadech \u00fadaje poskytnout, budeme V\u00e1s o t\u00e9to skute\u010dnosti informovat.<\/p>\n\n<h3 class=\"wp-block-heading\">Souhlas<\/h3>\n\n<p>Pokud by byl pr\u00e1vn\u00edm d\u016fvodem zpracov\u00e1n\u00ed Va\u0161ich osobn\u00edch \u00fadaj\u016f souhlas, m\u016f\u017eete takov\u00fd souhlas<br \/>kdykoli bezplatn\u011b odvolat na uveden\u00e9m kontaktu info@truemarket.cz. Odvol\u00e1n\u00edm souhlasu nen\u00ed dot\u010dena z\u00e1konnost\u00a0zpracov\u00e1n\u00ed vych\u00e1zej\u00edc\u00edho ze souhlasu, kter\u00fd byl d\u00e1n p\u0159ed jeho odvol\u00e1n\u00edm.<\/p>\n\n<h3 class=\"wp-block-heading\">Cookies<\/h3>\n\n<p>Pro rozli\u0161en\u00ed jednotliv\u00fdch po\u010d\u00edta\u010d\u016f a individu\u00e1ln\u00ed nastaven\u00ed n\u011bkter\u00fdch slu\u017eeb pou\u017e\u00edv\u00e1me na na\u0161ich<strong><br \/><\/strong>webov\u00fdch str\u00e1nk\u00e1ch soubory cookies \u010di jin\u00e9 obdobn\u00e9 s\u00ed\u0165ov\u00e9 identifik\u00e1tory. Cookies jsou mal\u00e9 textov\u00e9<br \/>soubory, kter\u00e9 na\u0161e servery ukl\u00e1daj\u00ed pomoc\u00ed webov\u00e9ho prohl\u00ed\u017ee\u010de do jednotliv\u00fdch po\u010d\u00edta\u010d\u016f. Cookies si<br \/>lze p\u0159edstavit jako pam\u011b\u0165 webov\u00e9 str\u00e1nky, kter\u00e1 podle nich p\u0159i dal\u0161\u00ed n\u00e1v\u0161t\u011bv\u011b u\u017eivatele stejn\u00e9ho<br \/>po\u010d\u00edta\u010de pozn\u00e1.<\/p>\n\n<h3 class=\"wp-block-heading\">Cookies neslou\u017e\u00ed k z\u00edsk\u00e1v\u00e1n\u00ed jak\u00fdchkoli citliv\u00fdch osobn\u00edch \u00fadaj\u016f.<\/h3>\n\n<p>Standardn\u00ed webov\u00e9 prohl\u00ed\u017ee\u010de podporuj\u00ed spr\u00e1vu cookies. Pro detailn\u011bj\u0161\u00ed informace pros\u00edm pou\u017eijte<strong><br \/><\/strong>n\u00e1pov\u011bdu Va\u0161eho prohl\u00ed\u017ee\u010de. Pokud bude m\u00edt V\u00e1\u0161 prohl\u00ed\u017ee\u010d pou\u017eit\u00ed cookies povoleno, budeme<br \/>vych\u00e1zet z toho, \u017ee souhlas\u00edte s vyu\u017e\u00edv\u00e1n\u00edm standardn\u00edch cookies ze strany na\u0161ich server\u016f.<\/p>\n\n<p>\u00a0<\/p>\n\t\t\t\t\t\t\t\t<\/div>\n\t\t\t\t\t<\/div>\n\t\t\t\t<\/div>\n\t\t\t\t<\/div>\n\t\t","protected":false},"excerpt":{"rendered":"<p>GDPR Pro jak\u00e9 \u00fa\u010dely Va\u0161e \u00fadaje zpracov\u00e1v\u00e1me? Na\u0161e spole\u010dnost nezpracov\u00e1v\u00e1 osobn\u00ed \u00fadaje u\u017eivatel\u016f jinak, ne\u017e k z\u00e1konem p\u0159ipu\u0161t\u011bn\u00fdm \u00fa\u010del\u016fm, pop\u0159. k \u00fa\u010del\u016fm, s nimi\u017e u\u017eivatel vyslovil souhlas, zejm\u00e9na k n\u00ed\u017ee uveden\u00fdm \u00fa\u010del\u016fm:\u200b Va\u0161e \u00fadaje obvykle zpracov\u00e1v\u00e1me ve sv\u00fdch vlastn\u00edch po\u010d\u00edta\u010dov\u00fdch syst\u00e9mech, pop\u0159. m\u016f\u017eeme vyu\u017e\u00edvat syst\u00e9m\u016f t\u0159et\u00edch osob (tzv. zpracovatel\u016f). Pr\u00e1vn\u00ed z\u00e1klad zpracov\u00e1n\u00ed Pr\u00e1vn\u00edm z\u00e1kladem zpracov\u00e1n\u00ed&#8230;<\/p>\n","protected":false},"author":1,"featured_media":0,"parent":0,"menu_order":0,"comment_status":"closed","ping_status":"closed","template":"","meta":{"_monsterinsights_skip_tracking":false,"_monsterinsights_sitenote_active":false,"_monsterinsights_sitenote_note":"","_monsterinsights_sitenote_category":0,"footnotes":""},"class_list":["post-3","page","type-page","status-publish","hentry"],"aioseo_notices":[],"_links":{"self":[{"href":"https:\/\/miradetail.cz\/index.php\/wp-json\/wp\/v2\/pages\/3","targetHints":{"allow":["GET"]}}],"collection":[{"href":"https:\/\/miradetail.cz\/index.php\/wp-json\/wp\/v2\/pages"}],"about":[{"href":"https:\/\/miradetail.cz\/index.php\/wp-json\/wp\/v2\/types\/page"}],"author":[{"embeddable":true,"href":"https:\/\/miradetail.cz\/index.php\/wp-json\/wp\/v2\/users\/1"}],"replies":[{"embeddable":true,"href":"https:\/\/miradetail.cz\/index.php\/wp-json\/wp\/v2\/comments?post=3"}],"version-history":[{"count":8,"href":"https:\/\/miradetail.cz\/index.php\/wp-json\/wp\/v2\/pages\/3\/revisions"}],"predecessor-version":[{"id":3338,"href":"https:\/\/miradetail.cz\/index.php\/wp-json\/wp\/v2\/pages\/3\/revisions\/3338"}],"wp:attachment":[{"href":"https:\/\/miradetail.cz\/index.php\/wp-json\/wp\/v2\/media?parent=3"}],"curies":[{"name":"wp","href":"https:\/\/api.w.org\/{rel}","templated":true}]}}