{"id":27,"date":"2025-07-21T05:07:01","date_gmt":"2025-07-21T05:07:01","guid":{"rendered":"http:\/\/localhost:10064\/?page_id=27"},"modified":"2025-11-05T19:39:20","modified_gmt":"2025-11-05T19:39:20","slug":"nase-sluzby","status":"publish","type":"page","link":"https:\/\/miradetail.cz\/index.php\/nase-sluzby\/","title":{"rendered":"Na\u0161e slu\u017eby"},"content":{"rendered":"\t\t<div data-elementor-type=\"wp-page\" data-elementor-id=\"27\" class=\"elementor elementor-27\">\n\t\t\t\t<div class=\"elementor-element elementor-element-64a5efb e-flex e-con-boxed e-con e-parent\" data-id=\"64a5efb\" data-element_type=\"container\" data-settings=\"{&quot;background_background&quot;:&quot;classic&quot;}\">\n\t\t\t\t\t<div class=\"e-con-inner\">\n\t\t\t\t<div class=\"elementor-element elementor-element-ec4ca3f elementor-widget elementor-widget-rtbreadrumb\" data-id=\"ec4ca3f\" data-element_type=\"widget\" data-widget_type=\"rtbreadrumb.default\">\n\t\t\t\t<div class=\"elementor-widget-container\">\n\t\t\t\t\t    <div class=\"reactheme-breadcrumb\">\n        <div class=\"breadcrumb-inner\">\n            <div class=\"reactheme_page_title wow fadeInUp\" data-wow-delay=\"ms\" data-wow-duration=\"ms\">\n                <h1 class=\"page-title\">Na\u0161e slu\u017eby<\/h1>\n            <\/div>\n\n            <div class=\"breadcrumb-path wow fadeInUp\" data-wow-delay=\"ms\" data-wow-duration=\"ms\">\n                <a href=\"https:\/\/miradetail.cz\/\">Home<\/a><span class=\"breadcrumb-separator fas fa-chevron-right\"><\/span>Na\u0161e slu\u017eby            <\/div>\n        <\/div>\n    <\/div>\n\t\t\t\t<\/div>\n\t\t\t\t<\/div>\n\t\t\t\t\t<\/div>\n\t\t\t\t<\/div>\n\t\t<div class=\"elementor-element elementor-element-54411d9 e-flex e-con-boxed e-con e-parent\" data-id=\"54411d9\" data-element_type=\"container\" data-settings=\"{&quot;background_background&quot;:&quot;classic&quot;}\">\n\t\t\t\t\t<div class=\"e-con-inner\">\n\t\t<div class=\"elementor-element elementor-element-7c32a51 e-grid e-con-full e-con e-child\" data-id=\"7c32a51\" data-element_type=\"container\">\n\t\t\t\t<div class=\"elementor-element elementor-element-43d345d animated-slow elementor-widget elementor-widget-service\" data-id=\"43d345d\" data-element_type=\"widget\" data-settings=\"{&quot;_animation&quot;:&quot;none&quot;,&quot;_animation_delay&quot;:300}\" data-widget_type=\"service.default\">\n\t\t\t\t<div class=\"elementor-widget-container\">\n\t\t\t\t\t     <div class=\"reactheme__service style3\">\r\n\r\n          <a href=\"\/index.php\/tonovani-autoskel\/\" class=\"reactheme__service_inner\">\r\n               <div class=\"content\">\r\n                                              <div class=\"reactheme__service_title\">\r\n                              <h3 class=\"mb-2\">T\u00f3nov\u00e1n\u00ed autoskel<\/h3>                         <\/div>\r\n                                                                 <div class=\"reactheme__service_description\">\r\n                              Dop\u0159ejte sv\u00e9mu vozu nov\u00fd vzhled! T\u00f3nov\u00e1n\u00ed autoskel dod\u00e1 styl, ochranu proti UV i v\u011bt\u0161\u00ed soukrom\u00ed. Pracujeme pouze s f\u00f3liemi zna\u010dkov\u00fdch v\u00fdrobc\u016f a osv\u011bd\u010den\u00fdmi f\u00f3liemi s dlouhou \u017eivotnost\u00ed.                         <\/div>\r\n                                   <\/div>\r\n               <div class=\"image position-relative\">\r\n                                             <div class=\"serial\">\r\n                              01                         <\/div>\r\n                                        <div class=\"sw-overlay\"><\/div>\r\n                                              <img decoding=\"async\" src=\"https:\/\/miradetail.cz\/wp-content\/uploads\/2025\/10\/tonovani-e1760896734848.jpg\" class=\"reactheme__service_img\" alt=\"T\u00f3nov\u00e1n\u00ed autoskel\">\r\n                                   <\/div>\r\n          <\/a>\r\n    <\/div>\t\t\t\t<\/div>\n\t\t\t\t<\/div>\n\t\t\t\t<div class=\"elementor-element elementor-element-cbf13fa animated-slow elementor-widget elementor-widget-service\" data-id=\"cbf13fa\" data-element_type=\"widget\" data-settings=\"{&quot;_animation&quot;:&quot;none&quot;,&quot;_animation_delay&quot;:200}\" data-widget_type=\"service.default\">\n\t\t\t\t<div class=\"elementor-widget-container\">\n\t\t\t\t\t     <div class=\"reactheme__service style3\">\r\n\r\n          <a href=\"\/index.php\/hloubkove-cisteni-interieru\/\" class=\"reactheme__service_inner\">\r\n               <div class=\"content\">\r\n                                              <div class=\"reactheme__service_title\">\r\n                              <h3 class=\"mb-2\">Hloubkov\u00e9 \u010di\u0161t\u011bn\u00ed interi\u00e9ru<\/h3>                         <\/div>\r\n                                                                 <div class=\"reactheme__service_description\">\r\n                              Od koberc\u016f a\u017e po stropn\u00ed oblo\u017een\u00ed odstran\u00edme v\u0161echny stopy ne\u010distot a pach\u016f. Na\u0161e \u010distic\u00ed \u00faprava zajist\u00ed, \u017ee v\u00e1\u0161 interi\u00e9r bude vypadat jako nov\u00fd.                         <\/div>\r\n                                   <\/div>\r\n               <div class=\"image position-relative\">\r\n                                             <div class=\"serial\">\r\n                              02                         <\/div>\r\n                                        <div class=\"sw-overlay\"><\/div>\r\n                                              <img decoding=\"async\" src=\"https:\/\/reactheme.com\/products\/wordpress\/autodetail\/wp-content\/uploads\/2025\/07\/2-3.webp\" class=\"reactheme__service_img\" alt=\"Hloubkov\u00e9 \u010di\u0161t\u011bn\u00ed interi\u00e9ru\">\r\n                                   <\/div>\r\n          <\/a>\r\n    <\/div>\t\t\t\t<\/div>\n\t\t\t\t<\/div>\n\t\t\t\t<div class=\"elementor-element elementor-element-6119237 animated-slow elementor-widget elementor-widget-service\" data-id=\"6119237\" data-element_type=\"widget\" data-settings=\"{&quot;_animation&quot;:&quot;none&quot;,&quot;_animation_delay&quot;:100}\" data-widget_type=\"service.default\">\n\t\t\t\t<div class=\"elementor-widget-container\">\n\t\t\t\t\t     <div class=\"reactheme__service style3\">\r\n\r\n          <a href=\"\/index.php\/myti-a-voskovani-exterieru\/\" class=\"reactheme__service_inner\">\r\n               <div class=\"content\">\r\n                                              <div class=\"reactheme__service_title\">\r\n                              <h3 class=\"mb-2\">Myt\u00ed a voskov\u00e1n\u00ed exteri\u00e9ru<\/h3>                         <\/div>\r\n                                                                 <div class=\"reactheme__service_description\">\r\n                              Jemn\u00e9 a d\u016fkladn\u00e9 ru\u010dn\u00ed myt\u00ed m\u00fddly s neutr\u00e1ln\u00edm pH, n\u00e1sledovan\u00e9 nanesen\u00edm vysoce kvalitn\u00edho vosku, kter\u00fd chr\u00e1n\u00ed lak a zvy\u0161uje lesk.                          <\/div>\r\n                                   <\/div>\r\n               <div class=\"image position-relative\">\r\n                                             <div class=\"serial\">\r\n                              03                         <\/div>\r\n                                        <div class=\"sw-overlay\"><\/div>\r\n                                              <img decoding=\"async\" src=\"https:\/\/reactheme.com\/products\/wordpress\/autodetail\/wp-content\/uploads\/2025\/07\/1-3.webp\" class=\"reactheme__service_img\" alt=\"Myt\u00ed a voskov\u00e1n\u00ed exteri\u00e9ru\">\r\n                                   <\/div>\r\n          <\/a>\r\n    <\/div>\t\t\t\t<\/div>\n\t\t\t\t<\/div>\n\t\t\t\t<div class=\"elementor-element elementor-element-e3ae1e1 animated-slow elementor-widget elementor-widget-service\" data-id=\"e3ae1e1\" data-element_type=\"widget\" data-settings=\"{&quot;_animation&quot;:&quot;none&quot;,&quot;_animation_delay&quot;:500}\" data-widget_type=\"service.default\">\n\t\t\t\t<div class=\"elementor-widget-container\">\n\t\t\t\t\t     <div class=\"reactheme__service style3\">\r\n\r\n          <a href=\"\/index.php\/keramicka-ochrana\/\" class=\"reactheme__service_inner\">\r\n               <div class=\"content\">\r\n                                              <div class=\"reactheme__service_title\">\r\n                              <h3 class=\"mb-2\"> Keramick\u00e1 ochrana<\/h3>                         <\/div>\r\n                                                                 <div class=\"reactheme__service_description\">\r\n                              Pou\u017e\u00edv\u00e1me nejpokro\u010dilej\u0161\u00ed keramickou ochranu. Keramickou ochranu aplikujeme ve 2 vrstv\u00e1ch, \u010d\u00edm\u017e doc\u00edl\u00edme \u017eivotnosti 48 m\u011bs\u00edc\u016f (nebo 50 000 km).                         <\/div>\r\n                                   <\/div>\r\n               <div class=\"image position-relative\">\r\n                                             <div class=\"serial\">\r\n                              04                         <\/div>\r\n                                        <div class=\"sw-overlay\"><\/div>\r\n                                              <img decoding=\"async\" src=\"https:\/\/miradetail.cz\/wp-content\/uploads\/2025\/10\/Auto-Keramikversiegelung-e1760899757933.jpg\" class=\"reactheme__service_img\" alt=\" Keramick\u00e1 ochrana\">\r\n                                   <\/div>\r\n          <\/a>\r\n    <\/div>\t\t\t\t<\/div>\n\t\t\t\t<\/div>\n\t\t\t\t<div class=\"elementor-element elementor-element-acf2b24 animated-slow elementor-widget elementor-widget-service\" data-id=\"acf2b24\" data-element_type=\"widget\" data-settings=\"{&quot;_animation&quot;:&quot;none&quot;,&quot;_animation_delay&quot;:400}\" data-widget_type=\"service.default\">\n\t\t\t\t<div class=\"elementor-widget-container\">\n\t\t\t\t\t     <div class=\"reactheme__service style3\">\r\n\r\n          <a href=\"\/index.php\/lesteni-a-renovace-laku\/\" class=\"reactheme__service_inner\">\r\n               <div class=\"content\">\r\n                                              <div class=\"reactheme__service_title\">\r\n                              <h3 class=\"mb-2\">Le\u0161t\u011bn\u00ed a renovace laku<\/h3>                         <\/div>\r\n                                                                 <div class=\"reactheme__service_description\">\r\n                              Profesion\u00e1ln\u00ed renovace laku pomoc\u00ed modern\u00edch le\u0161ti\u010dek. Navr\u00e1t\u00edme va\u0161emu vozu p\u016fvodn\u00ed lesk i hodnotu!                          <\/div>\r\n                                   <\/div>\r\n               <div class=\"image position-relative\">\r\n                                             <div class=\"serial\">\r\n                              05                         <\/div>\r\n                                        <div class=\"sw-overlay\"><\/div>\r\n                                              <img decoding=\"async\" src=\"https:\/\/miradetail.cz\/wp-content\/uploads\/2025\/07\/3-4.webp\" class=\"reactheme__service_img\" alt=\"Le\u0161t\u011bn\u00ed a renovace laku\">\r\n                                   <\/div>\r\n          <\/a>\r\n    <\/div>\t\t\t\t<\/div>\n\t\t\t\t<\/div>\n\t\t\t\t<div class=\"elementor-element elementor-element-8893eb8 animated-slow elementor-widget elementor-widget-service\" data-id=\"8893eb8\" data-element_type=\"widget\" data-settings=\"{&quot;_animation&quot;:&quot;none&quot;,&quot;_animation_delay&quot;:600}\" data-widget_type=\"service.default\">\n\t\t\t\t<div class=\"elementor-widget-container\">\n\t\t\t\t\t     <div class=\"reactheme__service style3\">\r\n\r\n          <a href=\"\/index.php\/renovace-svetel\/\" class=\"reactheme__service_inner\">\r\n               <div class=\"content\">\r\n                                              <div class=\"reactheme__service_title\">\r\n                              <h3 class=\"mb-2\"> Renovace sv\u011btel<\/h3>                         <\/div>\r\n                                                                 <div class=\"reactheme__service_description\">\r\n                              Renovace sv\u011btlomet\u016f zlep\u0161\u00ed v\u00e1\u0161 v\u00fdhled p\u0159i j\u00edzd\u011b a z\u00e1rove\u0148 zv\u00fd\u0161\u00ed viditelnost va\u0161eho vozu pro ostatn\u00ed \u0159idi\u010de. D\u00edky vy\u010di\u0161t\u011bn\u00fdm sv\u011btlomet\u016fm z\u00edsk\u00e1 va\u0161e auto sv\u011b\u017e\u00ed a mlad\u0161\u00ed vzhled.                         <\/div>\r\n                                   <\/div>\r\n               <div class=\"image position-relative\">\r\n                                             <div class=\"serial\">\r\n                              06                         <\/div>\r\n                                        <div class=\"sw-overlay\"><\/div>\r\n                                              <img decoding=\"async\" src=\"https:\/\/reactheme.com\/products\/wordpress\/autodetail\/wp-content\/uploads\/2025\/07\/6-3.webp\" class=\"reactheme__service_img\" alt=\" Renovace sv\u011btel\">\r\n                                   <\/div>\r\n          <\/a>\r\n    <\/div>\t\t\t\t<\/div>\n\t\t\t\t<\/div>\n\t\t\t\t<\/div>\n\t\t\t\t\t<\/div>\n\t\t\t\t<\/div>\n\t\t<div class=\"elementor-element elementor-element-971c841 e-flex e-con-boxed e-con e-parent\" data-id=\"971c841\" data-element_type=\"container\" data-settings=\"{&quot;background_background&quot;:&quot;classic&quot;}\">\n\t\t\t\t\t<div class=\"e-con-inner\">\n\t\t<div class=\"elementor-element elementor-element-7240e15 e-con-full e-flex e-con e-child\" data-id=\"7240e15\" data-element_type=\"container\">\n\t\t\t\t<div class=\"elementor-element elementor-element-58e9fb7 elementor-widget elementor-widget-heading\" data-id=\"58e9fb7\" data-element_type=\"widget\" data-widget_type=\"heading.default\">\n\t\t\t\t\t<h3 class=\"elementor-heading-title elementor-size-default\">Chcete, aby va\u0161e auto op\u011bt z\u00e1\u0159ilo jako nov\u00e9?<\/h3>\t\t\t\t<\/div>\n\t\t\t\t<\/div>\n\t\t<div class=\"elementor-element elementor-element-b5ceb73 e-con-full e-flex e-con e-child\" data-id=\"b5ceb73\" data-element_type=\"container\">\n\t\t\t\t<div class=\"elementor-element elementor-element-e6ec861 elementor-widget elementor-widget-rt-button\" data-id=\"e6ec861\" data-element_type=\"widget\" data-widget_type=\"rt-button.default\">\n\t\t\t\t<div class=\"elementor-widget-container\">\n\t\t\t\t\t          \r\n          <a class=\"rts__main__btn \" href=\"\/index.php\/kontakt\/\" data-hover=\"Domluvit sch\u016fzku\">\r\n          <span>Domluvit sch\u016fzku<\/span>\r\n          <\/a>\t\t\t\t<\/div>\n\t\t\t\t<\/div>\n\t\t\t\t<\/div>\n\t\t\t\t\t<\/div>\n\t\t\t\t<\/div>\n\t\t\t\t<\/div>\n\t\t","protected":false},"excerpt":{"rendered":"<p>Na\u0161e slu\u017eby HomeNa\u0161e slu\u017eby T\u00f3nov\u00e1n\u00ed autoskel Dop\u0159ejte sv\u00e9mu vozu nov\u00fd vzhled! T\u00f3nov\u00e1n\u00ed autoskel dod\u00e1 styl, ochranu proti UV i v\u011bt\u0161\u00ed soukrom\u00ed. Pracujeme pouze s f\u00f3liemi zna\u010dkov\u00fdch v\u00fdrobc\u016f a osv\u011bd\u010den\u00fdmi f\u00f3liemi s dlouhou \u017eivotnost\u00ed. 01 Hloubkov\u00e9 \u010di\u0161t\u011bn\u00ed interi\u00e9ru Od koberc\u016f a\u017e po stropn\u00ed oblo\u017een\u00ed odstran\u00edme v\u0161echny stopy ne\u010distot a pach\u016f. Na\u0161e \u010distic\u00ed \u00faprava zajist\u00ed, \u017ee v\u00e1\u0161&#8230;<\/p>\n","protected":false},"author":1,"featured_media":0,"parent":0,"menu_order":0,"comment_status":"closed","ping_status":"closed","template":"elementor_header_footer","meta":{"_monsterinsights_skip_tracking":false,"_monsterinsights_sitenote_active":false,"_monsterinsights_sitenote_note":"","_monsterinsights_sitenote_category":0,"footnotes":""},"class_list":["post-27","page","type-page","status-publish","hentry"],"aioseo_notices":[],"_links":{"self":[{"href":"https:\/\/miradetail.cz\/index.php\/wp-json\/wp\/v2\/pages\/27","targetHints":{"allow":["GET"]}}],"collection":[{"href":"https:\/\/miradetail.cz\/index.php\/wp-json\/wp\/v2\/pages"}],"about":[{"href":"https:\/\/miradetail.cz\/index.php\/wp-json\/wp\/v2\/types\/page"}],"author":[{"embeddable":true,"href":"https:\/\/miradetail.cz\/index.php\/wp-json\/wp\/v2\/users\/1"}],"replies":[{"embeddable":true,"href":"https:\/\/miradetail.cz\/index.php\/wp-json\/wp\/v2\/comments?post=27"}],"version-history":[{"count":11,"href":"https:\/\/miradetail.cz\/index.php\/wp-json\/wp\/v2\/pages\/27\/revisions"}],"predecessor-version":[{"id":3321,"href":"https:\/\/miradetail.cz\/index.php\/wp-json\/wp\/v2\/pages\/27\/revisions\/3321"}],"wp:attachment":[{"href":"https:\/\/miradetail.cz\/index.php\/wp-json\/wp\/v2\/media?parent=27"}],"curies":[{"name":"wp","href":"https:\/\/api.w.org\/{rel}","templated":true}]}}